{"id":3402,"date":"2023-10-14T14:15:51","date_gmt":"2023-10-14T14:15:51","guid":{"rendered":"https:\/\/drimon.com\/notre-entreprise\/"},"modified":"2025-06-06T22:00:27","modified_gmt":"2025-06-06T22:00:27","slug":"notre-entreprise","status":"publish","type":"page","link":"https:\/\/drimon.com\/fr\/notre-entreprise\/","title":{"rendered":"NOTRE ENTREPRISE"},"content":{"rendered":"\t\t<div data-elementor-type=\"wp-page\" data-elementor-id=\"3402\" class=\"elementor elementor-3402 elementor-70\" data-elementor-post-type=\"page\">\n\t\t\t\t<div class=\"elementor-element elementor-element-39f44a6 e-flex e-con-boxed e-con e-child\" data-id=\"39f44a6\" data-element_type=\"container\" data-e-type=\"container\" data-settings=\"{&quot;background_background&quot;:&quot;classic&quot;}\">\n\t\t\t\t\t<div class=\"e-con-inner\">\n\t\t<div class=\"elementor-element elementor-element-6945dbb e-con-full e-flex e-con e-child\" data-id=\"6945dbb\" data-element_type=\"container\" data-e-type=\"container\">\n\t\t\t\t<div class=\"elementor-element elementor-element-e772057 elementor-widget__width-initial elementor-widget elementor-widget-heading\" data-id=\"e772057\" data-element_type=\"widget\" data-e-type=\"widget\" data-widget_type=\"heading.default\">\n\t\t\t\t<div class=\"elementor-widget-container\">\n\t\t\t\t\t<h1 class=\"elementor-heading-title elementor-size-default\">Emballages en bois depuis 1950<\/h1>\t\t\t\t<\/div>\n\t\t\t\t<\/div>\n\t\t\t\t<div class=\"elementor-element elementor-element-5bc6c65 elementor-widget elementor-widget-heading\" data-id=\"5bc6c65\" data-element_type=\"widget\" data-e-type=\"widget\" data-widget_type=\"heading.default\">\n\t\t\t\t<div class=\"elementor-widget-container\">\n\t\t\t\t\t<h2 class=\"elementor-heading-title elementor-size-default\">DRIMON <span style=\"font-size:80px\">\u00ae<\/span><\/h2>\t\t\t\t<\/div>\n\t\t\t\t<\/div>\n\t\t\t\t<div class=\"elementor-element elementor-element-b1b0d9e elementor-widget elementor-widget-heading\" data-id=\"b1b0d9e\" data-element_type=\"widget\" data-e-type=\"widget\" data-widget_type=\"heading.default\">\n\t\t\t\t<div class=\"elementor-widget-container\">\n\t\t\t\t\t<h3 class=\"elementor-heading-title elementor-size-default\">Notre histoire<\/h3>\t\t\t\t<\/div>\n\t\t\t\t<\/div>\n\t\t\t\t<\/div>\n\t\t<div class=\"elementor-element elementor-element-43248c6 e-flex e-con-boxed e-con e-child\" data-id=\"43248c6\" data-element_type=\"container\" data-e-type=\"container\">\n\t\t\t\t\t<div class=\"e-con-inner\">\n\t\t\t\t<div class=\"elementor-element elementor-element-23df2ed elementor-widget elementor-widget-text-editor\" data-id=\"23df2ed\" data-element_type=\"widget\" data-e-type=\"widget\" data-widget_type=\"text-editor.default\">\n\t\t\t\t<div class=\"elementor-widget-container\">\n\t\t\t\t\t\t\t\t\t<p>Nous sommes une entreprise innovante sp\u00e9cialis\u00e9e dans la production d&#8217;emballages en bois de haute qualit\u00e9.<\/p><p>Forte d&rsquo;une exp\u00e9rience de plus de soixante-dix ans, nous produisons des bo\u00eetes en bois, des supports en bois et des constructions en bois sur mesure qui am\u00e9liorent la pr\u00e9sentation et la valeur de vos produits.<\/p><p>Avec le soutien d&rsquo;une \u00e9quipe exceptionnelle, notre entreprise continue \u00e0 privil\u00e9gier la qualit\u00e9, le service et la fiabilit\u00e9.<\/p><p>D\u00e9vou\u00e9 au travail, les investissements permanents dans les ressources humaines, les \u00e9quipements et les infrastructures ont permis la croissance r\u00e9guli\u00e8re et le succ\u00e8s de notre entreprise.<\/p><p>En plus de r\u00e9pondre aux besoins nationaux en mati\u00e8re d&#8217;emballages en bois en Gr\u00e8ce, nous exportons nos produits \u00e0 travers toute l&rsquo;Europe et en dehors de l\u2019Europe, offrant \u00e0 tous nos clients une exp\u00e9rience bas\u00e9e sur la fiabilit\u00e9 et l&rsquo;excellence de la qualit\u00e9.<\/p>\t\t\t\t\t\t\t\t<\/div>\n\t\t\t\t<\/div>\n\t\t\t\t\t<\/div>\n\t\t\t\t<\/div>\n\t\t\t\t\t<\/div>\n\t\t\t\t<\/div>\n\t\t<div class=\"elementor-element elementor-element-bbaef3b e-con-full e-flex e-con e-parent\" data-id=\"bbaef3b\" data-element_type=\"container\" data-e-type=\"container\">\n\t\t<div class=\"elementor-element elementor-element-6c40677a e-con-full e-flex e-con e-child\" data-id=\"6c40677a\" data-element_type=\"container\" data-e-type=\"container\">\n\t\t\t\t<div class=\"elementor-element elementor-element-68e7c68f elementor-widget-mobile__width-inherit elementor-widget elementor-widget-gallery\" data-id=\"68e7c68f\" data-element_type=\"widget\" data-e-type=\"widget\" data-settings=\"{&quot;overlay_title&quot;:&quot;title&quot;,&quot;columns_tablet&quot;:4,&quot;aspect_ratio&quot;:&quot;4:3&quot;,&quot;columns_mobile&quot;:2,&quot;lazyload&quot;:&quot;yes&quot;,&quot;gallery_layout&quot;:&quot;grid&quot;,&quot;columns&quot;:4,&quot;gap&quot;:{&quot;unit&quot;:&quot;px&quot;,&quot;size&quot;:10,&quot;sizes&quot;:[]},&quot;gap_tablet&quot;:{&quot;unit&quot;:&quot;px&quot;,&quot;size&quot;:10,&quot;sizes&quot;:[]},&quot;gap_mobile&quot;:{&quot;unit&quot;:&quot;px&quot;,&quot;size&quot;:10,&quot;sizes&quot;:[]},&quot;link_to&quot;:&quot;file&quot;,&quot;overlay_background&quot;:&quot;yes&quot;,&quot;content_hover_animation&quot;:&quot;fade-in&quot;}\" data-widget_type=\"gallery.default\">\n\t\t\t\t<div class=\"elementor-widget-container\">\n\t\t\t\t\t\t\t<div class=\"elementor-gallery__container\">\n\t\t\t\t\t\t\t<a class=\"e-gallery-item elementor-gallery-item elementor-animated-content\" href=\"https:\/\/drimon.com\/wp-content\/uploads\/2023\/11\/site1.jpg\" data-elementor-open-lightbox=\"yes\" data-elementor-lightbox-slideshow=\"68e7c68f\" data-elementor-lightbox-title=\"site1\" data-elementor-lightbox-description=\"site1\" data-e-action-hash=\"#elementor-action%3Aaction%3Dlightbox%26settings%3DeyJpZCI6MzE0MywidXJsIjoiaHR0cHM6XC9cL2RyaW1vbi5jb21cL3dwLWNvbnRlbnRcL3VwbG9hZHNcLzIwMjNcLzExXC9zaXRlMS5qcGciLCJzbGlkZXNob3ciOiI2OGU3YzY4ZiJ9\">\n\t\t\t\t\t<div class=\"e-gallery-image elementor-gallery-item__image\" data-thumbnail=\"https:\/\/drimon.com\/wp-content\/uploads\/2023\/11\/site1-768x878.jpg\" data-width=\"768\" data-height=\"878\" aria-label=\"site1\" role=\"img\" ><\/div>\n\t\t\t\t\t\t\t\t\t\t\t<div class=\"elementor-gallery-item__overlay\"><\/div>\n\t\t\t\t\t\t\t\t\t\t\t\t\t\t\t<div class=\"elementor-gallery-item__content\">\n\t\t\t\t\t\t\t\t\t\t\t\t\t\t<div class=\"elementor-gallery-item__title\">\n\t\t\t\t\t\t\t\t\t\t\t\t\t\t\t\t\t\tsite1\t\t\t\t\t\t\t\t<\/div>\n\t\t\t\t\t\t\t\t\t\t\t\t<\/div>\n\t\t\t\t\t\t\t\t\t<\/a>\n\t\t\t\t\t\t\t<a class=\"e-gallery-item elementor-gallery-item elementor-animated-content\" href=\"https:\/\/drimon.com\/wp-content\/uploads\/2023\/11\/IMG_20170609_173243.jpg\" data-elementor-open-lightbox=\"yes\" data-elementor-lightbox-slideshow=\"68e7c68f\" data-elementor-lightbox-title=\"IMG 20170609 173243\" data-elementor-lightbox-description=\"IMG 20170609 173243\" data-e-action-hash=\"#elementor-action%3Aaction%3Dlightbox%26settings%3DeyJpZCI6MzEzNywidXJsIjoiaHR0cHM6XC9cL2RyaW1vbi5jb21cL3dwLWNvbnRlbnRcL3VwbG9hZHNcLzIwMjNcLzExXC9JTUdfMjAxNzA2MDlfMTczMjQzLmpwZyIsInNsaWRlc2hvdyI6IjY4ZTdjNjhmIn0%3D\">\n\t\t\t\t\t<div class=\"e-gallery-image elementor-gallery-item__image\" data-thumbnail=\"https:\/\/drimon.com\/wp-content\/uploads\/2023\/11\/IMG_20170609_173243-768x468.jpg\" data-width=\"768\" data-height=\"468\" aria-label=\"IMG 20170609 173243\" role=\"img\" ><\/div>\n\t\t\t\t\t\t\t\t\t\t\t<div class=\"elementor-gallery-item__overlay\"><\/div>\n\t\t\t\t\t\t\t\t\t\t\t\t\t\t\t<div class=\"elementor-gallery-item__content\">\n\t\t\t\t\t\t\t\t\t\t\t\t\t\t<div class=\"elementor-gallery-item__title\">\n\t\t\t\t\t\t\t\t\t\t\t\t\t\t\t\t\t\tIMG 20170609 173243\t\t\t\t\t\t\t\t<\/div>\n\t\t\t\t\t\t\t\t\t\t\t\t<\/div>\n\t\t\t\t\t\t\t\t\t<\/a>\n\t\t\t\t\t\t\t<a class=\"e-gallery-item elementor-gallery-item elementor-animated-content\" href=\"https:\/\/drimon.com\/wp-content\/uploads\/2023\/11\/DSC_4472_site.jpg\" data-elementor-open-lightbox=\"yes\" data-elementor-lightbox-slideshow=\"68e7c68f\" data-elementor-lightbox-title=\"DSC 4472 site\" data-elementor-lightbox-description=\"DSC 4472 site\" data-e-action-hash=\"#elementor-action%3Aaction%3Dlightbox%26settings%3DeyJpZCI6MzEzNCwidXJsIjoiaHR0cHM6XC9cL2RyaW1vbi5jb21cL3dwLWNvbnRlbnRcL3VwbG9hZHNcLzIwMjNcLzExXC9EU0NfNDQ3Ml9zaXRlLmpwZyIsInNsaWRlc2hvdyI6IjY4ZTdjNjhmIn0%3D\">\n\t\t\t\t\t<div class=\"e-gallery-image elementor-gallery-item__image\" data-thumbnail=\"https:\/\/drimon.com\/wp-content\/uploads\/2023\/11\/DSC_4472_site-768x512.jpg\" data-width=\"768\" data-height=\"512\" aria-label=\"DSC 4472 site\" role=\"img\" ><\/div>\n\t\t\t\t\t\t\t\t\t\t\t<div class=\"elementor-gallery-item__overlay\"><\/div>\n\t\t\t\t\t\t\t\t\t\t\t\t\t\t\t<div class=\"elementor-gallery-item__content\">\n\t\t\t\t\t\t\t\t\t\t\t\t\t\t<div class=\"elementor-gallery-item__title\">\n\t\t\t\t\t\t\t\t\t\t\t\t\t\t\t\t\t\tDSC 4472 site\t\t\t\t\t\t\t\t<\/div>\n\t\t\t\t\t\t\t\t\t\t\t\t<\/div>\n\t\t\t\t\t\t\t\t\t<\/a>\n\t\t\t\t\t\t\t<a class=\"e-gallery-item elementor-gallery-item elementor-animated-content\" href=\"https:\/\/drimon.com\/wp-content\/uploads\/2023\/10\/IMG_20170609_1735251.jpg\" data-elementor-open-lightbox=\"yes\" data-elementor-lightbox-slideshow=\"68e7c68f\" data-elementor-lightbox-title=\"IMG 20170609 1735251\" data-elementor-lightbox-description=\"IMG 20170609 1735251\" data-e-action-hash=\"#elementor-action%3Aaction%3Dlightbox%26settings%3DeyJpZCI6MjUzNiwidXJsIjoiaHR0cHM6XC9cL2RyaW1vbi5jb21cL3dwLWNvbnRlbnRcL3VwbG9hZHNcLzIwMjNcLzEwXC9JTUdfMjAxNzA2MDlfMTczNTI1MS5qcGciLCJzbGlkZXNob3ciOiI2OGU3YzY4ZiJ9\">\n\t\t\t\t\t<div class=\"e-gallery-image elementor-gallery-item__image\" data-thumbnail=\"https:\/\/drimon.com\/wp-content\/uploads\/2023\/10\/IMG_20170609_1735251-768x576.jpg\" data-width=\"768\" data-height=\"576\" aria-label=\"IMG 20170609 1735251\" role=\"img\" ><\/div>\n\t\t\t\t\t\t\t\t\t\t\t<div class=\"elementor-gallery-item__overlay\"><\/div>\n\t\t\t\t\t\t\t\t\t\t\t\t\t\t\t<div class=\"elementor-gallery-item__content\">\n\t\t\t\t\t\t\t\t\t\t\t\t\t\t<div class=\"elementor-gallery-item__title\">\n\t\t\t\t\t\t\t\t\t\t\t\t\t\t\t\t\t\tIMG 20170609 1735251\t\t\t\t\t\t\t\t<\/div>\n\t\t\t\t\t\t\t\t\t\t\t\t<\/div>\n\t\t\t\t\t\t\t\t\t<\/a>\n\t\t\t\t\t<\/div>\n\t\t\t\t\t<\/div>\n\t\t\t\t<\/div>\n\t\t\t\t<\/div>\n\t\t\t\t<\/div>\n\t\t\t\t<\/div>\n\t\t","protected":false},"excerpt":{"rendered":"<p>Emballages en bois depuis 1950 DRIMON \u00ae Notre histoire Nous sommes une entreprise innovante sp\u00e9cialis\u00e9e dans la production d&#8217;emballages en bois de haute qualit\u00e9. Forte d&rsquo;une exp\u00e9rience de plus de soixante-dix ans, nous produisons des bo\u00eetes en bois, des supports en bois et des constructions en bois sur mesure qui am\u00e9liorent la pr\u00e9sentation et la [&hellip;]<\/p>\n","protected":false},"author":1,"featured_media":2521,"parent":0,"menu_order":0,"comment_status":"closed","ping_status":"closed","template":"","meta":{"footnotes":""},"class_list":["post-3402","page","type-page","status-publish","has-post-thumbnail","hentry"],"yoast_head":"<!-- This site is optimized with the Yoast SEO plugin v27.4 - https:\/\/yoast.com\/product\/yoast-seo-wordpress\/ -->\n<title>NOTRE ENTREPRISE | Drimon<\/title>\n<meta name=\"robots\" content=\"index, follow, max-snippet:-1, max-image-preview:large, max-video-preview:-1\" \/>\n<link rel=\"canonical\" href=\"https:\/\/drimon.com\/fr\/notre-entreprise\/\" \/>\n<meta property=\"og:locale\" content=\"fr_FR\" \/>\n<meta property=\"og:type\" content=\"article\" \/>\n<meta property=\"og:title\" content=\"NOTRE ENTREPRISE | Drimon\" \/>\n<meta property=\"og:description\" content=\"Emballages en bois depuis 1950 DRIMON \u00ae Notre histoire Nous sommes une entreprise innovante sp\u00e9cialis\u00e9e dans la production d&#8217;emballages en bois de haute qualit\u00e9. Forte d&rsquo;une exp\u00e9rience de plus de soixante-dix ans, nous produisons des bo\u00eetes en bois, des supports en bois et des constructions en bois sur mesure qui am\u00e9liorent la pr\u00e9sentation et la [&hellip;]\" \/>\n<meta property=\"og:url\" content=\"https:\/\/drimon.com\/fr\/notre-entreprise\/\" \/>\n<meta property=\"og:site_name\" content=\"Drimon\" \/>\n<meta property=\"article:publisher\" content=\"https:\/\/www.facebook.com\/p\/Drimon-Wooden-Boxes-100054239990263\/\" \/>\n<meta property=\"article:modified_time\" content=\"2025-06-06T22:00:27+00:00\" \/>\n<meta property=\"og:image\" content=\"https:\/\/drimon.com\/wp-content\/uploads\/2023\/10\/bruno-ramos-lara-sz3AWACktLc-unsplash1.jpg\" \/>\n\t<meta property=\"og:image:width\" content=\"1920\" \/>\n\t<meta property=\"og:image:height\" content=\"1440\" \/>\n\t<meta property=\"og:image:type\" content=\"image\/jpeg\" \/>\n<meta name=\"twitter:card\" content=\"summary_large_image\" \/>\n<meta name=\"twitter:label1\" content=\"Dur\u00e9e de lecture estim\u00e9e\" \/>\n\t<meta name=\"twitter:data1\" content=\"1 minute\" \/>\n<script type=\"application\/ld+json\" class=\"yoast-schema-graph\">{\"@context\":\"https:\\\/\\\/schema.org\",\"@graph\":[{\"@type\":\"WebPage\",\"@id\":\"https:\\\/\\\/drimon.com\\\/fr\\\/notre-entreprise\\\/\",\"url\":\"https:\\\/\\\/drimon.com\\\/fr\\\/notre-entreprise\\\/\",\"name\":\"NOTRE ENTREPRISE | Drimon\",\"isPartOf\":{\"@id\":\"https:\\\/\\\/drimon.com\\\/fr\\\/#website\"},\"primaryImageOfPage\":{\"@id\":\"https:\\\/\\\/drimon.com\\\/fr\\\/notre-entreprise\\\/#primaryimage\"},\"image\":{\"@id\":\"https:\\\/\\\/drimon.com\\\/fr\\\/notre-entreprise\\\/#primaryimage\"},\"thumbnailUrl\":\"https:\\\/\\\/drimon.com\\\/wp-content\\\/uploads\\\/2023\\\/10\\\/bruno-ramos-lara-sz3AWACktLc-unsplash1.jpg\",\"datePublished\":\"2023-10-14T14:15:51+00:00\",\"dateModified\":\"2025-06-06T22:00:27+00:00\",\"breadcrumb\":{\"@id\":\"https:\\\/\\\/drimon.com\\\/fr\\\/notre-entreprise\\\/#breadcrumb\"},\"inLanguage\":\"fr-FR\",\"potentialAction\":[{\"@type\":\"ReadAction\",\"target\":[\"https:\\\/\\\/drimon.com\\\/fr\\\/notre-entreprise\\\/\"]}]},{\"@type\":\"ImageObject\",\"inLanguage\":\"fr-FR\",\"@id\":\"https:\\\/\\\/drimon.com\\\/fr\\\/notre-entreprise\\\/#primaryimage\",\"url\":\"https:\\\/\\\/drimon.com\\\/wp-content\\\/uploads\\\/2023\\\/10\\\/bruno-ramos-lara-sz3AWACktLc-unsplash1.jpg\",\"contentUrl\":\"https:\\\/\\\/drimon.com\\\/wp-content\\\/uploads\\\/2023\\\/10\\\/bruno-ramos-lara-sz3AWACktLc-unsplash1.jpg\",\"width\":1920,\"height\":1440,\"caption\":\"bruno ramos lara sz3AWACktLc unsplash1\"},{\"@type\":\"BreadcrumbList\",\"@id\":\"https:\\\/\\\/drimon.com\\\/fr\\\/notre-entreprise\\\/#breadcrumb\",\"itemListElement\":[{\"@type\":\"ListItem\",\"position\":1,\"name\":\"\u0391\u03c1\u03c7\u03b9\u03ba\u03ae\",\"item\":\"https:\\\/\\\/drimon.com\\\/fr\\\/\"},{\"@type\":\"ListItem\",\"position\":2,\"name\":\"NOTRE ENTREPRISE\"}]},{\"@type\":\"WebSite\",\"@id\":\"https:\\\/\\\/drimon.com\\\/fr\\\/#website\",\"url\":\"https:\\\/\\\/drimon.com\\\/fr\\\/\",\"name\":\"Drimon\",\"description\":\"\u039e\u03cd\u03bb\u03b9\u03bd\u03b1 \u03ba\u03bf\u03c5\u03c4\u03b9\u03ac\",\"publisher\":{\"@id\":\"https:\\\/\\\/drimon.com\\\/fr\\\/#organization\"},\"potentialAction\":[{\"@type\":\"SearchAction\",\"target\":{\"@type\":\"EntryPoint\",\"urlTemplate\":\"https:\\\/\\\/drimon.com\\\/fr\\\/?s={search_term_string}\"},\"query-input\":{\"@type\":\"PropertyValueSpecification\",\"valueRequired\":true,\"valueName\":\"search_term_string\"}}],\"inLanguage\":\"fr-FR\"},{\"@type\":\"Organization\",\"@id\":\"https:\\\/\\\/drimon.com\\\/fr\\\/#organization\",\"name\":\"Drimon\",\"url\":\"https:\\\/\\\/drimon.com\\\/fr\\\/\",\"logo\":{\"@type\":\"ImageObject\",\"inLanguage\":\"fr-FR\",\"@id\":\"https:\\\/\\\/drimon.com\\\/fr\\\/#\\\/schema\\\/logo\\\/image\\\/\",\"url\":\"https:\\\/\\\/drimon.com\\\/wp-content\\\/uploads\\\/2023\\\/10\\\/logo-2.jpg\",\"contentUrl\":\"https:\\\/\\\/drimon.com\\\/wp-content\\\/uploads\\\/2023\\\/10\\\/logo-2.jpg\",\"width\":395,\"height\":210,\"caption\":\"Drimon\"},\"image\":{\"@id\":\"https:\\\/\\\/drimon.com\\\/fr\\\/#\\\/schema\\\/logo\\\/image\\\/\"},\"sameAs\":[\"https:\\\/\\\/www.facebook.com\\\/p\\\/Drimon-Wooden-Boxes-100054239990263\\\/\"]}]}<\/script>\n<!-- \/ Yoast SEO plugin. -->","yoast_head_json":{"title":"NOTRE ENTREPRISE | Drimon","robots":{"index":"index","follow":"follow","max-snippet":"max-snippet:-1","max-image-preview":"max-image-preview:large","max-video-preview":"max-video-preview:-1"},"canonical":"https:\/\/drimon.com\/fr\/notre-entreprise\/","og_locale":"fr_FR","og_type":"article","og_title":"NOTRE ENTREPRISE | Drimon","og_description":"Emballages en bois depuis 1950 DRIMON \u00ae Notre histoire Nous sommes une entreprise innovante sp\u00e9cialis\u00e9e dans la production d&#8217;emballages en bois de haute qualit\u00e9. Forte d&rsquo;une exp\u00e9rience de plus de soixante-dix ans, nous produisons des bo\u00eetes en bois, des supports en bois et des constructions en bois sur mesure qui am\u00e9liorent la pr\u00e9sentation et la [&hellip;]","og_url":"https:\/\/drimon.com\/fr\/notre-entreprise\/","og_site_name":"Drimon","article_publisher":"https:\/\/www.facebook.com\/p\/Drimon-Wooden-Boxes-100054239990263\/","article_modified_time":"2025-06-06T22:00:27+00:00","og_image":[{"width":1920,"height":1440,"url":"https:\/\/drimon.com\/wp-content\/uploads\/2023\/10\/bruno-ramos-lara-sz3AWACktLc-unsplash1.jpg","type":"image\/jpeg"}],"twitter_card":"summary_large_image","twitter_misc":{"Dur\u00e9e de lecture estim\u00e9e":"1 minute"},"schema":{"@context":"https:\/\/schema.org","@graph":[{"@type":"WebPage","@id":"https:\/\/drimon.com\/fr\/notre-entreprise\/","url":"https:\/\/drimon.com\/fr\/notre-entreprise\/","name":"NOTRE ENTREPRISE | Drimon","isPartOf":{"@id":"https:\/\/drimon.com\/fr\/#website"},"primaryImageOfPage":{"@id":"https:\/\/drimon.com\/fr\/notre-entreprise\/#primaryimage"},"image":{"@id":"https:\/\/drimon.com\/fr\/notre-entreprise\/#primaryimage"},"thumbnailUrl":"https:\/\/drimon.com\/wp-content\/uploads\/2023\/10\/bruno-ramos-lara-sz3AWACktLc-unsplash1.jpg","datePublished":"2023-10-14T14:15:51+00:00","dateModified":"2025-06-06T22:00:27+00:00","breadcrumb":{"@id":"https:\/\/drimon.com\/fr\/notre-entreprise\/#breadcrumb"},"inLanguage":"fr-FR","potentialAction":[{"@type":"ReadAction","target":["https:\/\/drimon.com\/fr\/notre-entreprise\/"]}]},{"@type":"ImageObject","inLanguage":"fr-FR","@id":"https:\/\/drimon.com\/fr\/notre-entreprise\/#primaryimage","url":"https:\/\/drimon.com\/wp-content\/uploads\/2023\/10\/bruno-ramos-lara-sz3AWACktLc-unsplash1.jpg","contentUrl":"https:\/\/drimon.com\/wp-content\/uploads\/2023\/10\/bruno-ramos-lara-sz3AWACktLc-unsplash1.jpg","width":1920,"height":1440,"caption":"bruno ramos lara sz3AWACktLc unsplash1"},{"@type":"BreadcrumbList","@id":"https:\/\/drimon.com\/fr\/notre-entreprise\/#breadcrumb","itemListElement":[{"@type":"ListItem","position":1,"name":"\u0391\u03c1\u03c7\u03b9\u03ba\u03ae","item":"https:\/\/drimon.com\/fr\/"},{"@type":"ListItem","position":2,"name":"NOTRE ENTREPRISE"}]},{"@type":"WebSite","@id":"https:\/\/drimon.com\/fr\/#website","url":"https:\/\/drimon.com\/fr\/","name":"Drimon","description":"\u039e\u03cd\u03bb\u03b9\u03bd\u03b1 \u03ba\u03bf\u03c5\u03c4\u03b9\u03ac","publisher":{"@id":"https:\/\/drimon.com\/fr\/#organization"},"potentialAction":[{"@type":"SearchAction","target":{"@type":"EntryPoint","urlTemplate":"https:\/\/drimon.com\/fr\/?s={search_term_string}"},"query-input":{"@type":"PropertyValueSpecification","valueRequired":true,"valueName":"search_term_string"}}],"inLanguage":"fr-FR"},{"@type":"Organization","@id":"https:\/\/drimon.com\/fr\/#organization","name":"Drimon","url":"https:\/\/drimon.com\/fr\/","logo":{"@type":"ImageObject","inLanguage":"fr-FR","@id":"https:\/\/drimon.com\/fr\/#\/schema\/logo\/image\/","url":"https:\/\/drimon.com\/wp-content\/uploads\/2023\/10\/logo-2.jpg","contentUrl":"https:\/\/drimon.com\/wp-content\/uploads\/2023\/10\/logo-2.jpg","width":395,"height":210,"caption":"Drimon"},"image":{"@id":"https:\/\/drimon.com\/fr\/#\/schema\/logo\/image\/"},"sameAs":["https:\/\/www.facebook.com\/p\/Drimon-Wooden-Boxes-100054239990263\/"]}]}},"_links":{"self":[{"href":"https:\/\/drimon.com\/fr\/wp-json\/wp\/v2\/pages\/3402","targetHints":{"allow":["GET"]}}],"collection":[{"href":"https:\/\/drimon.com\/fr\/wp-json\/wp\/v2\/pages"}],"about":[{"href":"https:\/\/drimon.com\/fr\/wp-json\/wp\/v2\/types\/page"}],"author":[{"embeddable":true,"href":"https:\/\/drimon.com\/fr\/wp-json\/wp\/v2\/users\/1"}],"replies":[{"embeddable":true,"href":"https:\/\/drimon.com\/fr\/wp-json\/wp\/v2\/comments?post=3402"}],"version-history":[{"count":2,"href":"https:\/\/drimon.com\/fr\/wp-json\/wp\/v2\/pages\/3402\/revisions"}],"predecessor-version":[{"id":3959,"href":"https:\/\/drimon.com\/fr\/wp-json\/wp\/v2\/pages\/3402\/revisions\/3959"}],"wp:featuredmedia":[{"embeddable":true,"href":"https:\/\/drimon.com\/fr\/wp-json\/wp\/v2\/media\/2521"}],"wp:attachment":[{"href":"https:\/\/drimon.com\/fr\/wp-json\/wp\/v2\/media?parent=3402"}],"curies":[{"name":"wp","href":"https:\/\/api.w.org\/{rel}","templated":true}]}}